{"id":745,"date":"2023-08-31T11:47:35","date_gmt":"2023-08-31T11:47:35","guid":{"rendered":"https:\/\/laroblagreen.com\/contacto\/"},"modified":"2023-11-03T17:28:23","modified_gmt":"2023-11-03T17:28:23","slug":"contact","status":"publish","type":"page","link":"https:\/\/laroblagreen.com\/en\/contact\/","title":{"rendered":"Contact"},"content":{"rendered":"\t\t<div data-elementor-type=\"wp-page\" data-elementor-id=\"745\" class=\"elementor elementor-745\" data-elementor-post-type=\"page\">\n\t\t\t\t<div class=\"elementor-element elementor-element-c4223d1 e-flex e-con-boxed e-con e-parent\" data-id=\"c4223d1\" data-element_type=\"container\" data-e-type=\"container\" data-settings=\"{&quot;background_background&quot;:&quot;classic&quot;}\">\n\t\t\t\t\t<div class=\"e-con-inner\">\n\t\t\t\t<div class=\"elementor-element elementor-element-9423a0a animated-slow elementor-invisible elementor-widget elementor-widget-heading\" data-id=\"9423a0a\" data-element_type=\"widget\" data-e-type=\"widget\" data-settings=\"{&quot;_animation&quot;:&quot;fadeInUp&quot;}\" data-widget_type=\"heading.default\">\n\t\t\t\t\t<h2 class=\"elementor-heading-title elementor-size-default\">Contact<\/h2>\t\t\t\t<\/div>\n\t\t\t\t<div class=\"elementor-element elementor-element-e85b017 elementor-widget elementor-widget-spacer\" data-id=\"e85b017\" data-element_type=\"widget\" data-e-type=\"widget\" data-widget_type=\"spacer.default\">\n\t\t\t\t\t\t\t<div class=\"elementor-spacer\">\n\t\t\t<div class=\"elementor-spacer-inner\"><\/div>\n\t\t<\/div>\n\t\t\t\t\t\t<\/div>\n\t\t\t\t<div class=\"elementor-element elementor-element-282114a elementor-align-right elementor-widget elementor-widget-breadcrumbs\" data-id=\"282114a\" data-element_type=\"widget\" data-e-type=\"widget\" data-widget_type=\"breadcrumbs.default\">\n\t\t\t\t\t<p id=\"breadcrumbs\"><span><span><a href=\"https:\/\/laroblagreen.com\/\">Portada<\/a><\/span><\/span><\/p>\t\t\t\t<\/div>\n\t\t\t\t\t<\/div>\n\t\t\t\t<\/div>\n\t\t<div class=\"elementor-element elementor-element-aead809 e-flex e-con-boxed elementor-invisible e-con e-parent\" data-id=\"aead809\" data-element_type=\"container\" data-e-type=\"container\" data-settings=\"{&quot;animation&quot;:&quot;fadeIn&quot;}\">\n\t\t\t\t\t<div class=\"e-con-inner\">\n\t\t<div class=\"elementor-element elementor-element-501a352 e-con-full e-flex e-con e-child\" data-id=\"501a352\" data-element_type=\"container\" data-e-type=\"container\" data-settings=\"{&quot;background_background&quot;:&quot;classic&quot;}\">\n\t\t\t\t<div class=\"elementor-element elementor-element-3f9bd29b elementor-widget__width-initial elementor-widget elementor-widget-heading\" data-id=\"3f9bd29b\" data-element_type=\"widget\" data-e-type=\"widget\" data-widget_type=\"heading.default\">\n\t\t\t\t\t<h2 class=\"elementor-heading-title elementor-size-default\">Contact us<\/h2>\t\t\t\t<\/div>\n\t\t\t\t<div class=\"elementor-element elementor-element-178380d elementor-widget-divider--view-line elementor-widget elementor-widget-divider\" data-id=\"178380d\" data-element_type=\"widget\" data-e-type=\"widget\" data-widget_type=\"divider.default\">\n\t\t\t\t\t\t\t<div class=\"elementor-divider\">\n\t\t\t<span class=\"elementor-divider-separator\">\n\t\t\t\t\t\t<\/span>\n\t\t<\/div>\n\t\t\t\t\t\t<\/div>\n\t\t\t\t<div class=\"elementor-element elementor-element-64f09c0 elementor-button-align-start elementor-widget elementor-widget-form\" data-id=\"64f09c0\" data-element_type=\"widget\" data-e-type=\"widget\" data-settings=\"{&quot;step_next_label&quot;:&quot;Siguiente&quot;,&quot;step_previous_label&quot;:&quot;Anterior&quot;,&quot;button_width&quot;:&quot;100&quot;,&quot;step_type&quot;:&quot;number_text&quot;,&quot;step_icon_shape&quot;:&quot;circle&quot;}\" data-widget_type=\"form.default\">\n\t\t\t\t\t\t\t<form class=\"elementor-form\" method=\"post\" name=\"Nuevo formulario\" aria-label=\"Nuevo formulario\">\n\t\t\t<input type=\"hidden\" name=\"post_id\" value=\"745\"\/>\n\t\t\t<input type=\"hidden\" name=\"form_id\" value=\"64f09c0\"\/>\n\t\t\t<input type=\"hidden\" name=\"referer_title\" value=\"Contact - La Robla Green\" \/>\n\n\t\t\t\t\t\t\t<input type=\"hidden\" name=\"queried_id\" value=\"745\"\/>\n\t\t\t\n\t\t\t<div class=\"elementor-form-fields-wrapper elementor-labels-above\">\n\t\t\t\t\t\t\t\t<div class=\"elementor-field-type-text elementor-field-group elementor-column elementor-field-group-name elementor-col-100 elementor-field-required elementor-mark-required\">\n\t\t\t\t\t\t\t\t\t\t\t\t<label for=\"form-field-name\" class=\"elementor-field-label\">\n\t\t\t\t\t\t\t\tNombre\t\t\t\t\t\t\t<\/label>\n\t\t\t\t\t\t\t\t\t\t\t\t\t\t<input size=\"1\" type=\"text\" name=\"form_fields[name]\" id=\"form-field-name\" class=\"elementor-field elementor-size-sm  elementor-field-textual\" required=\"required\">\n\t\t\t\t\t\t\t\t\t\t\t<\/div>\n\t\t\t\t\t\t\t\t<div class=\"elementor-field-type-text elementor-field-group elementor-column elementor-field-group-field_a278e71 elementor-col-100 elementor-field-required elementor-mark-required\">\n\t\t\t\t\t\t\t\t\t\t\t\t<label for=\"form-field-field_a278e71\" class=\"elementor-field-label\">\n\t\t\t\t\t\t\t\tEmpresa\t\t\t\t\t\t\t<\/label>\n\t\t\t\t\t\t\t\t\t\t\t\t\t\t<input size=\"1\" type=\"text\" name=\"form_fields[field_a278e71]\" id=\"form-field-field_a278e71\" class=\"elementor-field elementor-size-sm  elementor-field-textual\" required=\"required\">\n\t\t\t\t\t\t\t\t\t\t\t<\/div>\n\t\t\t\t\t\t\t\t<div class=\"elementor-field-type-tel elementor-field-group elementor-column elementor-field-group-field_c882aaa elementor-col-100 elementor-field-required elementor-mark-required\">\n\t\t\t\t\t\t\t\t\t\t\t\t<label for=\"form-field-field_c882aaa\" class=\"elementor-field-label\">\n\t\t\t\t\t\t\t\tTel\u00e9fono de contacto\t\t\t\t\t\t\t<\/label>\n\t\t\t\t\t\t\t\t<input size=\"1\" type=\"tel\" name=\"form_fields[field_c882aaa]\" id=\"form-field-field_c882aaa\" class=\"elementor-field elementor-size-sm  elementor-field-textual\" required=\"required\" pattern=\"[0-9()#&amp;+*-=.]+\" title=\"Only numbers and phone characters (#, -, *, etc) are accepted.\">\n\n\t\t\t\t\t\t<\/div>\n\t\t\t\t\t\t\t\t<div class=\"elementor-field-type-email elementor-field-group elementor-column elementor-field-group-email elementor-col-100 elementor-field-required elementor-mark-required\">\n\t\t\t\t\t\t\t\t\t\t\t\t<label for=\"form-field-email\" class=\"elementor-field-label\">\n\t\t\t\t\t\t\t\tCorreo electr\u00f3nico\t\t\t\t\t\t\t<\/label>\n\t\t\t\t\t\t\t\t\t\t\t\t\t\t<input size=\"1\" type=\"email\" name=\"form_fields[email]\" id=\"form-field-email\" class=\"elementor-field elementor-size-sm  elementor-field-textual\" required=\"required\">\n\t\t\t\t\t\t\t\t\t\t\t<\/div>\n\t\t\t\t\t\t\t\t<div class=\"elementor-field-type-textarea elementor-field-group elementor-column elementor-field-group-message elementor-col-100\">\n\t\t\t\t\t\t\t\t\t\t\t\t<label for=\"form-field-message\" class=\"elementor-field-label\">\n\t\t\t\t\t\t\t\tMensaje\t\t\t\t\t\t\t<\/label>\n\t\t\t\t\t\t<textarea class=\"elementor-field-textual elementor-field  elementor-size-sm\" name=\"form_fields[message]\" id=\"form-field-message\" rows=\"4\"><\/textarea>\t\t\t\t<\/div>\n\t\t\t\t\t\t\t\t<div class=\"elementor-field-type-acceptance elementor-field-group elementor-column elementor-field-group-field_535d4c3 elementor-col-100 elementor-field-required elementor-mark-required\">\n\t\t\t\t\t\t\t<div class=\"elementor-field-subgroup\">\n\t\t\t<span class=\"elementor-field-option\">\n\t\t\t\t<input type=\"checkbox\" name=\"form_fields[field_535d4c3]\" id=\"form-field-field_535d4c3\" class=\"elementor-field elementor-size-sm  elementor-acceptance-field\" required=\"required\">\n\t\t\t\t<label for=\"form-field-field_535d4c3\">Autorizo el tratamiento de mis datos de acuerdo con la <a href=\"https:\/\/laroblagreen.com\/politica-privacidad\/\">Pol\u00edtica de privacidad*<\/a>.<\/label>\t\t\t<\/span>\n\t\t<\/div>\n\t\t\t\t\t\t<\/div>\n\t\t\t\t\t\t\t\t<div class=\"elementor-field-type-html elementor-field-group elementor-column elementor-field-group-field_10c3dd7 elementor-col-100\">\n\t\t\t\t\t<strong>Informaci\u00f3n b\u00e1sica sobre protecci\u00f3n de datos:<\/strong><br\/>\n\n\u00b7 Responsable: REOLUM RENOVABLES, S.L  <br\/>\n\n\u00b7 Finalidad y legitimaci\u00f3n: Gestionar y resolver su consulta y, en caso de que complete nuestros cuestionarios facilitarle el servicio solicitado.\nLa legitimaci\u00f3n es su consentimiento.<br\/>\n\n\u00b7 Destinatarios: No se ceder\u00e1n a terceros, salvo obligaci\u00f3n legal<br\/>\n\n\u00b7 Derechos: Acceso, rectificaci\u00f3n, supresi\u00f3n, oposici\u00f3n, limitaci\u00f3n, portabilidad<br\/>\n\n\u00b7 Puede consultar la informaci\u00f3n adicional y detallada sobre protecci\u00f3n de datos a trav\u00e9s del siguiente enlace: <a href=\"https:\/\/umbraformacion.com\/politica-privacidad\/\">https:\/\/laroblagreen.com\/politica-privacidad\/<\/a>\t\t\t\t<\/div>\n\t\t\t\t\t\t\t\t<div class=\"elementor-field-type-recaptcha_v3 elementor-field-group elementor-column elementor-field-group-field_2c5f20a elementor-col-100 recaptcha_v3-bottomright\">\n\t\t\t\t\t<div class=\"elementor-field\" id=\"form-field-field_2c5f20a\"><div class=\"elementor-g-recaptcha\" data-sitekey=\"6LfPgSUdAAAAAOt5jEuL53VWZzRcB-X-0hvUJ6bv\" data-type=\"v3\" data-action=\"Form\" data-badge=\"bottomright\" data-size=\"invisible\"><\/div><\/div>\t\t\t\t<\/div>\n\t\t\t\t\t\t\t\t<div class=\"elementor-field-group elementor-column elementor-field-type-submit elementor-col-100 e-form__buttons\">\n\t\t\t\t\t<button class=\"elementor-button elementor-size-sm\" type=\"submit\">\n\t\t\t\t\t\t<span class=\"elementor-button-content-wrapper\">\n\t\t\t\t\t\t\t\t\t\t\t\t\t\t\t\t\t\t\t\t\t\t<span class=\"elementor-button-text\">enviar<\/span>\n\t\t\t\t\t\t\t\t\t\t\t\t\t<\/span>\n\t\t\t\t\t<\/button>\n\t\t\t\t<\/div>\n\t\t\t<\/div>\n\t\t<\/form>\n\t\t\t\t\t\t<\/div>\n\t\t\t\t<\/div>\n\t\t<div class=\"elementor-element elementor-element-b8a4c56 e-flex e-con-boxed e-con e-child\" data-id=\"b8a4c56\" data-element_type=\"container\" data-e-type=\"container\">\n\t\t\t\t\t<div class=\"e-con-inner\">\n\t\t\t\t<div class=\"elementor-element elementor-element-a601056 elementor-widget elementor-widget-text-editor\" data-id=\"a601056\" data-element_type=\"widget\" data-e-type=\"widget\" data-widget_type=\"text-editor.default\">\n\t\t\t\t\t\t\t\t\t<p><strong>La Robla Green<\/strong> is the new integrated green energy generation project in Castilla y Le\u00f3n, with two large state-of-the-art facilities: a biomass-based renewable electricity generation plant, called <strong>Roblum<\/strong>, and a green e-methanol production plant, called <strong>La Robla Nueva Energ\u00eda<\/strong>.<\/p>\t\t\t\t\t\t\t\t<\/div>\n\t\t\t\t<div class=\"elementor-element elementor-element-be10d27 elementor-widget__width-initial elementor-widget elementor-widget-heading\" data-id=\"be10d27\" data-element_type=\"widget\" data-e-type=\"widget\" data-widget_type=\"heading.default\">\n\t\t\t\t\t<div class=\"elementor-heading-title elementor-size-default\"> +34 910 07 53 73<\/div>\t\t\t\t<\/div>\n\t\t\t\t<div class=\"elementor-element elementor-element-0158c34 elementor-widget__width-initial elementor-widget elementor-widget-heading\" data-id=\"0158c34\" data-element_type=\"widget\" data-e-type=\"widget\" data-widget_type=\"heading.default\">\n\t\t\t\t\t<div class=\"elementor-heading-title elementor-size-default\">comunicacion@laroblagreen.com<\/div>\t\t\t\t<\/div>\n\t\t\t\t<div class=\"elementor-element elementor-element-fc93a05 elementor-widget__width-initial elementor-widget elementor-widget-heading\" data-id=\"fc93a05\" data-element_type=\"widget\" data-e-type=\"widget\" data-widget_type=\"heading.default\">\n\t\t\t\t\t<div class=\"elementor-heading-title elementor-size-default\"><a href=\"https:\/\/linkedin.com\/showcase\/la-robla-green\/\" target=\"_blank\">linkedin.com\/showcase\/la-robla-green\/<\/a><\/div>\t\t\t\t<\/div>\n\t\t\t\t\t<\/div>\n\t\t\t\t<\/div>\n\t\t\t\t\t<\/div>\n\t\t\t\t<\/div>\n\t\t\t\t<\/div>\n\t\t","protected":false},"excerpt":{"rendered":"<p>Contact us La Robla Green is the new integrated green energy generation project in Castilla y Le\u00f3n, with two large state-of-the-art facilities: a biomass-based renewable electricity generation plant, called Roblum, and a green e-methanol production plant, called La Robla Nueva Energ\u00eda. +34 910 07 53 73 comunicacion@laroblagreen.com linkedin.com\/showcase\/la-robla-green\/<\/p>","protected":false},"author":4,"featured_media":0,"parent":0,"menu_order":6,"comment_status":"closed","ping_status":"closed","template":"","meta":{"_acf_changed":false,"footnotes":""},"class_list":["post-745","page","type-page","status-publish","hentry"],"acf":[],"yoast_head":"<!-- This site is optimized with the Yoast SEO plugin v27.5 - https:\/\/yoast.com\/product\/yoast-seo-wordpress\/ -->\n<title>Contact - La Robla Green<\/title>\n<meta name=\"robots\" content=\"index, follow, max-snippet:-1, max-image-preview:large, max-video-preview:-1\" \/>\n<link rel=\"canonical\" href=\"https:\/\/laroblagreen.com\/en\/contact\/\" \/>\n<meta property=\"og:locale\" content=\"en_US\" \/>\n<meta property=\"og:type\" content=\"article\" \/>\n<meta property=\"og:title\" content=\"Contact - La Robla Green\" \/>\n<meta property=\"og:description\" content=\"Contact us La Robla Green is the new integrated green energy generation project in Castilla y Le\u00f3n, with two large state-of-the-art facilities: a biomass-based renewable electricity generation plant, called Roblum, and a green e-methanol production plant, called La Robla Nueva Energ\u00eda. +34 910 07 53 73 comunicacion@laroblagreen.com linkedin.com\/showcase\/la-robla-green\/\" \/>\n<meta property=\"og:url\" content=\"https:\/\/laroblagreen.com\/en\/contact\/\" \/>\n<meta property=\"og:site_name\" content=\"La Robla Green\" \/>\n<meta property=\"article:modified_time\" content=\"2023-11-03T17:28:23+00:00\" \/>\n<meta name=\"twitter:card\" content=\"summary_large_image\" \/>\n<meta name=\"twitter:label1\" content=\"Est. reading time\" \/>\n\t<meta name=\"twitter:data1\" content=\"1 minute\" \/>\n<script type=\"application\/ld+json\" class=\"yoast-schema-graph\">{\"@context\":\"https:\\\/\\\/schema.org\",\"@graph\":[{\"@type\":\"WebPage\",\"@id\":\"https:\\\/\\\/laroblagreen.com\\\/en\\\/contact\\\/\",\"url\":\"https:\\\/\\\/laroblagreen.com\\\/en\\\/contact\\\/\",\"name\":\"Contact - La Robla Green\",\"isPartOf\":{\"@id\":\"https:\\\/\\\/laroblagreen.com\\\/#website\"},\"datePublished\":\"2023-08-31T11:47:35+00:00\",\"dateModified\":\"2023-11-03T17:28:23+00:00\",\"breadcrumb\":{\"@id\":\"https:\\\/\\\/laroblagreen.com\\\/en\\\/contact\\\/#breadcrumb\"},\"inLanguage\":\"en-US\",\"potentialAction\":[{\"@type\":\"ReadAction\",\"target\":[\"https:\\\/\\\/laroblagreen.com\\\/en\\\/contact\\\/\"]}]},{\"@type\":\"BreadcrumbList\",\"@id\":\"https:\\\/\\\/laroblagreen.com\\\/en\\\/contact\\\/#breadcrumb\",\"itemListElement\":[{\"@type\":\"ListItem\",\"position\":1,\"name\":\"Portada\",\"item\":\"https:\\\/\\\/laroblagreen.com\\\/\"},{\"@type\":\"ListItem\",\"position\":2,\"name\":\"Contact\"}]},{\"@type\":\"WebSite\",\"@id\":\"https:\\\/\\\/laroblagreen.com\\\/#website\",\"url\":\"https:\\\/\\\/laroblagreen.com\\\/\",\"name\":\"La Robla Green\",\"description\":\"\",\"publisher\":{\"@id\":\"https:\\\/\\\/laroblagreen.com\\\/#organization\"},\"potentialAction\":[{\"@type\":\"SearchAction\",\"target\":{\"@type\":\"EntryPoint\",\"urlTemplate\":\"https:\\\/\\\/laroblagreen.com\\\/?s={search_term_string}\"},\"query-input\":{\"@type\":\"PropertyValueSpecification\",\"valueRequired\":true,\"valueName\":\"search_term_string\"}}],\"inLanguage\":\"en-US\"},{\"@type\":\"Organization\",\"@id\":\"https:\\\/\\\/laroblagreen.com\\\/#organization\",\"name\":\"La Robla Green\",\"url\":\"https:\\\/\\\/laroblagreen.com\\\/\",\"logo\":{\"@type\":\"ImageObject\",\"inLanguage\":\"en-US\",\"@id\":\"https:\\\/\\\/laroblagreen.com\\\/#\\\/schema\\\/logo\\\/image\\\/\",\"url\":\"https:\\\/\\\/laroblagreen.com\\\/wp-content\\\/uploads\\\/2025\\\/11\\\/La-Robla-01-scaled.png\",\"contentUrl\":\"https:\\\/\\\/laroblagreen.com\\\/wp-content\\\/uploads\\\/2025\\\/11\\\/La-Robla-01-scaled.png\",\"width\":2560,\"height\":897,\"caption\":\"La Robla Green\"},\"image\":{\"@id\":\"https:\\\/\\\/laroblagreen.com\\\/#\\\/schema\\\/logo\\\/image\\\/\"}}]}<\/script>\n<!-- \/ Yoast SEO plugin. -->","yoast_head_json":{"title":"Contact - La Robla Green","robots":{"index":"index","follow":"follow","max-snippet":"max-snippet:-1","max-image-preview":"max-image-preview:large","max-video-preview":"max-video-preview:-1"},"canonical":"https:\/\/laroblagreen.com\/en\/contact\/","og_locale":"en_US","og_type":"article","og_title":"Contact - La Robla Green","og_description":"Contact us La Robla Green is the new integrated green energy generation project in Castilla y Le\u00f3n, with two large state-of-the-art facilities: a biomass-based renewable electricity generation plant, called Roblum, and a green e-methanol production plant, called La Robla Nueva Energ\u00eda. +34 910 07 53 73 comunicacion@laroblagreen.com linkedin.com\/showcase\/la-robla-green\/","og_url":"https:\/\/laroblagreen.com\/en\/contact\/","og_site_name":"La Robla Green","article_modified_time":"2023-11-03T17:28:23+00:00","twitter_card":"summary_large_image","twitter_misc":{"Est. reading time":"1 minute"},"schema":{"@context":"https:\/\/schema.org","@graph":[{"@type":"WebPage","@id":"https:\/\/laroblagreen.com\/en\/contact\/","url":"https:\/\/laroblagreen.com\/en\/contact\/","name":"Contact - La Robla Green","isPartOf":{"@id":"https:\/\/laroblagreen.com\/#website"},"datePublished":"2023-08-31T11:47:35+00:00","dateModified":"2023-11-03T17:28:23+00:00","breadcrumb":{"@id":"https:\/\/laroblagreen.com\/en\/contact\/#breadcrumb"},"inLanguage":"en-US","potentialAction":[{"@type":"ReadAction","target":["https:\/\/laroblagreen.com\/en\/contact\/"]}]},{"@type":"BreadcrumbList","@id":"https:\/\/laroblagreen.com\/en\/contact\/#breadcrumb","itemListElement":[{"@type":"ListItem","position":1,"name":"Portada","item":"https:\/\/laroblagreen.com\/"},{"@type":"ListItem","position":2,"name":"Contact"}]},{"@type":"WebSite","@id":"https:\/\/laroblagreen.com\/#website","url":"https:\/\/laroblagreen.com\/","name":"The Green Oak","description":"","publisher":{"@id":"https:\/\/laroblagreen.com\/#organization"},"potentialAction":[{"@type":"SearchAction","target":{"@type":"EntryPoint","urlTemplate":"https:\/\/laroblagreen.com\/?s={search_term_string}"},"query-input":{"@type":"PropertyValueSpecification","valueRequired":true,"valueName":"search_term_string"}}],"inLanguage":"en-US"},{"@type":"Organization","@id":"https:\/\/laroblagreen.com\/#organization","name":"The Green Oak","url":"https:\/\/laroblagreen.com\/","logo":{"@type":"ImageObject","inLanguage":"en-US","@id":"https:\/\/laroblagreen.com\/#\/schema\/logo\/image\/","url":"https:\/\/laroblagreen.com\/wp-content\/uploads\/2025\/11\/La-Robla-01-scaled.png","contentUrl":"https:\/\/laroblagreen.com\/wp-content\/uploads\/2025\/11\/La-Robla-01-scaled.png","width":2560,"height":897,"caption":"La Robla Green"},"image":{"@id":"https:\/\/laroblagreen.com\/#\/schema\/logo\/image\/"}}]}},"_links":{"self":[{"href":"https:\/\/laroblagreen.com\/en\/wp-json\/wp\/v2\/pages\/745","targetHints":{"allow":["GET"]}}],"collection":[{"href":"https:\/\/laroblagreen.com\/en\/wp-json\/wp\/v2\/pages"}],"about":[{"href":"https:\/\/laroblagreen.com\/en\/wp-json\/wp\/v2\/types\/page"}],"author":[{"embeddable":true,"href":"https:\/\/laroblagreen.com\/en\/wp-json\/wp\/v2\/users\/4"}],"replies":[{"embeddable":true,"href":"https:\/\/laroblagreen.com\/en\/wp-json\/wp\/v2\/comments?post=745"}],"version-history":[{"count":25,"href":"https:\/\/laroblagreen.com\/en\/wp-json\/wp\/v2\/pages\/745\/revisions"}],"predecessor-version":[{"id":910,"href":"https:\/\/laroblagreen.com\/en\/wp-json\/wp\/v2\/pages\/745\/revisions\/910"}],"wp:attachment":[{"href":"https:\/\/laroblagreen.com\/en\/wp-json\/wp\/v2\/media?parent=745"}],"curies":[{"name":"wp","href":"https:\/\/api.w.org\/{rel}","templated":true}]}}