{"id":2,"date":"2023-08-30T17:13:15","date_gmt":"2023-08-30T17:13:15","guid":{"rendered":"http:\/\/laroblagreen.com\/?page_id=2"},"modified":"2025-12-03T10:29:24","modified_gmt":"2025-12-03T10:29:24","slug":"quienes-somos","status":"publish","type":"page","link":"https:\/\/laroblagreen.com\/en\/quienes-somos\/","title":{"rendered":"Who we are"},"content":{"rendered":"<div data-elementor-type=\"wp-page\" data-elementor-id=\"2\" class=\"elementor elementor-2\" data-elementor-post-type=\"page\">\n\t\t\t\t<div class=\"elementor-element elementor-element-2cb7a520 e-flex e-con-boxed e-con e-parent\" data-id=\"2cb7a520\" data-element_type=\"container\" data-e-type=\"container\" data-settings=\"{&quot;background_background&quot;:&quot;classic&quot;}\">\n\t\t\t\t\t<div class=\"e-con-inner\">\n\t\t<div class=\"elementor-element elementor-element-66420925 e-con-full e-grid e-con e-child\" data-id=\"66420925\" data-element_type=\"container\" data-e-type=\"container\">\n\t\t\t\t<div class=\"elementor-element elementor-element-7f9ed407 elementor-widget elementor-widget-heading\" data-id=\"7f9ed407\" data-element_type=\"widget\" data-e-type=\"widget\" data-widget_type=\"heading.default\">\n\t\t\t\t<div class=\"elementor-widget-container\">\n\t\t\t\t\t<h1 class=\"elementor-heading-title elementor-size-default\">About<br>\nUs<\/h1>\t\t\t\t<\/div>\n\t\t\t\t<\/div>\n\t\t\t\t<div class=\"elementor-element elementor-element-6ee8c09b elementor-widget elementor-widget-text-editor\" data-id=\"6ee8c09b\" data-element_type=\"widget\" data-e-type=\"widget\" data-widget_type=\"text-editor.default\">\n\t\t\t\t<div class=\"elementor-widget-container\">\n\t\t\t\t\t\t\t\t\t<p>Robla Green is <strong>a Reolum initiative<\/strong>, who puts the extensive experience of his team at the service of a pioneering project fully aligned with the company&#039;s spirit of innovation.<\/p>\t\t\t\t\t\t\t\t<\/div>\n\t\t\t\t<\/div>\n\t\t\t\t<\/div>\n\t\t\t\t<div class=\"elementor-element elementor-element-11846ca7 elementor-widget elementor-widget-image\" data-id=\"11846ca7\" data-element_type=\"widget\" data-e-type=\"widget\" data-widget_type=\"image.default\">\n\t\t\t\t<div class=\"elementor-widget-container\">\n\t\t\t\t\t\t\t\t\t\t\t\t\t\t\t<img fetchpriority=\"high\" decoding=\"async\" width=\"800\" height=\"530\" src=\"https:\/\/laroblagreen.com\/wp-content\/uploads\/2025\/12\/Solucion-La-Robla-scaled-1-1024x678.jpg\" class=\"attachment-large size-large wp-image-1196\" alt=\"\" srcset=\"https:\/\/laroblagreen.com\/wp-content\/uploads\/2025\/12\/Solucion-La-Robla-scaled-1-1024x678.jpg 1024w, https:\/\/laroblagreen.com\/wp-content\/uploads\/2025\/12\/Solucion-La-Robla-scaled-1-300x199.jpg 300w, https:\/\/laroblagreen.com\/wp-content\/uploads\/2025\/12\/Solucion-La-Robla-scaled-1-768x509.jpg 768w, https:\/\/laroblagreen.com\/wp-content\/uploads\/2025\/12\/Solucion-La-Robla-scaled-1-1536x1018.jpg 1536w, https:\/\/laroblagreen.com\/wp-content\/uploads\/2025\/12\/Solucion-La-Robla-scaled-1-2048x1357.jpg 2048w\" sizes=\"(max-width: 800px) 100vw, 800px\" \/>\t\t\t\t\t\t\t\t\t\t\t\t\t\t\t<\/div>\n\t\t\t\t<\/div>\n\t\t\t\t\t<\/div>\n\t\t\t\t<\/div>\n\t\t<div class=\"elementor-element elementor-element-6d5ecac4 e-flex e-con-boxed e-con e-parent\" data-id=\"6d5ecac4\" data-element_type=\"container\" data-e-type=\"container\" data-settings=\"{&quot;background_background&quot;:&quot;classic&quot;}\">\n\t\t\t\t\t<div class=\"e-con-inner\">\n\t\t<div class=\"elementor-element elementor-element-6053b0e9 e-con-full e-grid e-con e-child\" data-id=\"6053b0e9\" data-element_type=\"container\" data-e-type=\"container\">\n\t\t\t\t<div class=\"elementor-element elementor-element-56c7453e elementor-widget elementor-widget-button\" data-id=\"56c7453e\" data-element_type=\"widget\" data-e-type=\"widget\" data-widget_type=\"button.default\">\n\t\t\t\t<div class=\"elementor-widget-container\">\n\t\t\t\t\t\t\t\t\t<div class=\"elementor-button-wrapper\">\n\t\t\t\t\t<a class=\"elementor-button elementor-size-sm\" role=\"button\">\n\t\t\t\t\t\t<span class=\"elementor-button-content-wrapper\">\n\t\t\t\t\t\t<span class=\"elementor-button-icon\">\n\t\t\t\t<i aria-hidden=\"true\" class=\"fas fa-plus\"><\/i>\t\t\t<\/span>\n\t\t\t\t\t\t\t\t\t<span class=\"elementor-button-text\">Our mission<\/span>\n\t\t\t\t\t<\/span>\n\t\t\t\t\t<\/a>\n\t\t\t\t<\/div>\n\t\t\t\t\t\t\t\t<\/div>\n\t\t\t\t<\/div>\n\t\t<div class=\"elementor-element elementor-element-460428ad e-con-full e-flex e-con e-child\" data-id=\"460428ad\" data-element_type=\"container\" data-e-type=\"container\">\n\t\t\t\t<div class=\"elementor-element elementor-element-5e3640a2 elementor-widget elementor-widget-heading\" data-id=\"5e3640a2\" data-element_type=\"widget\" data-e-type=\"widget\" data-widget_type=\"heading.default\">\n\t\t\t\t<div class=\"elementor-widget-container\">\n\t\t\t\t\t<h2 class=\"elementor-heading-title elementor-size-default\">Leading a sustainable future.\n\n\n\n\n\n\n\n<\/h2>\t\t\t\t<\/div>\n\t\t\t\t<\/div>\n\t\t\t\t<\/div>\n\t\t\t\t<\/div>\n\t\t\t\t\t<\/div>\n\t\t\t\t<\/div>\n\t\t<div class=\"elementor-element elementor-element-29aad858 e-flex e-con-boxed e-con e-parent\" data-id=\"29aad858\" data-element_type=\"container\" data-e-type=\"container\" data-settings=\"{&quot;background_background&quot;:&quot;classic&quot;}\">\n\t\t\t\t\t<div class=\"e-con-inner\">\n\t\t<div class=\"elementor-element elementor-element-16353359 e-con-full e-flex e-con e-child\" data-id=\"16353359\" data-element_type=\"container\" data-e-type=\"container\" id=\"svg-container\">\n\t\t\t\t<div class=\"elementor-element elementor-element-a2d4931 elementor-widget elementor-widget-image\" data-id=\"a2d4931\" data-element_type=\"widget\" data-e-type=\"widget\" data-widget_type=\"image.default\">\n\t\t\t\t<div class=\"elementor-widget-container\">\n\t\t\t\t\t\t\t\t\t\t\t\t\t\t\t<img decoding=\"async\" width=\"800\" height=\"259\" src=\"https:\/\/laroblagreen.com\/wp-content\/uploads\/2023\/08\/Reolum_Logo_Tag_GreenBosque-1-1024x332.png\" class=\"attachment-large size-large wp-image-1078\" alt=\"\" srcset=\"https:\/\/laroblagreen.com\/wp-content\/uploads\/2023\/08\/Reolum_Logo_Tag_GreenBosque-1-1024x332.png 1024w, https:\/\/laroblagreen.com\/wp-content\/uploads\/2023\/08\/Reolum_Logo_Tag_GreenBosque-1-300x97.png 300w, https:\/\/laroblagreen.com\/wp-content\/uploads\/2023\/08\/Reolum_Logo_Tag_GreenBosque-1-768x249.png 768w, https:\/\/laroblagreen.com\/wp-content\/uploads\/2023\/08\/Reolum_Logo_Tag_GreenBosque-1-1536x498.png 1536w, https:\/\/laroblagreen.com\/wp-content\/uploads\/2023\/08\/Reolum_Logo_Tag_GreenBosque-1-2048x664.png 2048w\" sizes=\"(max-width: 800px) 100vw, 800px\" \/>\t\t\t\t\t\t\t\t\t\t\t\t\t\t\t<\/div>\n\t\t\t\t<\/div>\n\t\t\t\t<\/div>\n\t\t<div class=\"elementor-element elementor-element-1a1b6062 e-con-full e-flex e-con e-child\" data-id=\"1a1b6062\" data-element_type=\"container\" data-e-type=\"container\">\n\t\t\t\t<div class=\"elementor-element elementor-element-102f3bc2 elementor-widget elementor-widget-heading\" data-id=\"102f3bc2\" data-element_type=\"widget\" data-e-type=\"widget\" data-widget_type=\"heading.default\">\n\t\t\t\t<div class=\"elementor-widget-container\">\n\t\t\t\t\t<h2 class=\"elementor-heading-title elementor-size-default\">Comprehensive solutions for the energy transition<\/h2>\t\t\t\t<\/div>\n\t\t\t\t<\/div>\n\t\t\t\t<div class=\"elementor-element elementor-element-1cbca12 elementor-widget-divider--view-line elementor-widget elementor-widget-divider\" data-id=\"1cbca12\" data-element_type=\"widget\" data-e-type=\"widget\" data-widget_type=\"divider.default\">\n\t\t\t\t<div class=\"elementor-widget-container\">\n\t\t\t\t\t\t\t<div class=\"elementor-divider\">\n\t\t\t<span class=\"elementor-divider-separator\">\n\t\t\t\t\t\t<\/span>\n\t\t<\/div>\n\t\t\t\t\t\t<\/div>\n\t\t\t\t<\/div>\n\t\t\t\t<div class=\"elementor-element elementor-element-3755a461 elementor-widget elementor-widget-text-editor\" data-id=\"3755a461\" data-element_type=\"widget\" data-e-type=\"widget\" data-widget_type=\"text-editor.default\">\n\t\t\t\t<div class=\"elementor-widget-container\">\n\t\t\t\t\t\t\t\t\t<p>Reolum is a company specializing in the comprehensive development of renewable energy projects, mainly wind, solar and biomass energy, founded and led by an experienced team with a long track record and recognition in the sector, whose objective is to unite the concepts of profitability and sustainability.<\/p><p>The company, founded by its two partners \u2013 Fernando Mu\u00f1oz and Yann Dumont \u2013 has a multidisciplinary team of more than 20 professionals. Thanks to its national and international experience and a strategic vision of the sector, Reolum provides added value to its clients and contributes to achieving the goal set by the European Union: that 321% of energy be from renewable sources by 2030.<\/p>\t\t\t\t\t\t\t\t<\/div>\n\t\t\t\t<\/div>\n\t\t\t\t<div class=\"elementor-element elementor-element-14e4c574 contact-open-btn elementor-widget elementor-widget-button\" data-id=\"14e4c574\" data-element_type=\"widget\" data-e-type=\"widget\" data-widget_type=\"button.default\">\n\t\t\t\t<div class=\"elementor-widget-container\">\n\t\t\t\t\t\t\t\t\t<div class=\"elementor-button-wrapper\">\n\t\t\t\t\t<a class=\"elementor-button elementor-button-link elementor-size-sm\" href=\"https:\/\/laroblagreen.com\/en\/contacto\/\">\n\t\t\t\t\t\t<span class=\"elementor-button-content-wrapper\">\n\t\t\t\t\t\t<span class=\"elementor-button-icon\">\n\t\t\t\t<i aria-hidden=\"true\" class=\"fas fa-plus\"><\/i>\t\t\t<\/span>\n\t\t\t\t\t\t\t\t\t<span class=\"elementor-button-text\">Let&#039;s begin<\/span>\n\t\t\t\t\t<\/span>\n\t\t\t\t\t<\/a>\n\t\t\t\t<\/div>\n\t\t\t\t\t\t\t\t<\/div>\n\t\t\t\t<\/div>\n\t\t\t\t<\/div>\n\t\t\t\t\t<\/div>\n\t\t\t\t<\/div>\n\t\t\t\t<\/div>","protected":false},"excerpt":{"rendered":"<p>Sobre Nosotros La Robla Green es una iniciativa de Reolum, quien pone la amplia experiencia de su equipo al servicio de un proyecto pionero totalmente alineado con el esp\u00edritu de innovaci\u00f3n de la compa\u00f1\u00eda. Nuestra misi\u00f3n Liderar un futuro sostenible. Soluciones integrales para la transici\u00f3n energ\u00e9tica Reolum es una empresa especializada en el desarrollo integral [&hellip;]<\/p>\n","protected":false},"author":4,"featured_media":0,"parent":0,"menu_order":1,"comment_status":"closed","ping_status":"closed","template":"elementor_header_footer","meta":{"_acf_changed":false,"footnotes":""},"class_list":["post-2","page","type-page","status-publish","hentry"],"acf":[],"yoast_head":"<!-- This site is optimized with the Yoast SEO plugin v27.3 - https:\/\/yoast.com\/product\/yoast-seo-wordpress\/ -->\n<title>Qui\u00e9nes somos - La Robla Green<\/title>\n<meta name=\"description\" content=\"La Robla Green es una iniciativa de tres compa\u00f1\u00edas: Reolum, Tresca Ingenier\u00eda e Incus Capital, que han puesto en com\u00fan su experiencia en proyectos de energ\u00edas renovables.\" \/>\n<meta name=\"robots\" content=\"index, follow, max-snippet:-1, max-image-preview:large, max-video-preview:-1\" \/>\n<link rel=\"canonical\" href=\"https:\/\/laroblagreen.com\/en\/quienes-somos\/\" \/>\n<meta property=\"og:locale\" content=\"en_US\" \/>\n<meta property=\"og:type\" content=\"article\" \/>\n<meta property=\"og:title\" content=\"Qui\u00e9nes somos - La Robla Green\" \/>\n<meta property=\"og:description\" content=\"La Robla Green es una iniciativa de tres compa\u00f1\u00edas: Reolum, Tresca Ingenier\u00eda e Incus Capital, que han puesto en com\u00fan su experiencia en proyectos de energ\u00edas renovables.\" \/>\n<meta property=\"og:url\" content=\"https:\/\/laroblagreen.com\/en\/quienes-somos\/\" \/>\n<meta property=\"og:site_name\" content=\"La Robla Green\" \/>\n<meta property=\"article:modified_time\" content=\"2025-12-03T10:29:24+00:00\" \/>\n<meta property=\"og:image\" content=\"https:\/\/laroblagreen.com\/wp-content\/uploads\/2025\/12\/Solucion-La-Robla-scaled-1.jpg\" \/>\n\t<meta property=\"og:image:width\" content=\"2560\" \/>\n\t<meta property=\"og:image:height\" content=\"1696\" \/>\n\t<meta property=\"og:image:type\" content=\"image\/jpeg\" \/>\n<meta name=\"twitter:card\" content=\"summary_large_image\" \/>\n<meta name=\"twitter:label1\" content=\"Est. reading time\" \/>\n\t<meta name=\"twitter:data1\" content=\"1 minute\" \/>\n<script type=\"application\/ld+json\" class=\"yoast-schema-graph\">{\"@context\":\"https:\\\/\\\/schema.org\",\"@graph\":[{\"@type\":\"WebPage\",\"@id\":\"https:\\\/\\\/laroblagreen.com\\\/quienes-somos\\\/\",\"url\":\"https:\\\/\\\/laroblagreen.com\\\/quienes-somos\\\/\",\"name\":\"Qui\u00e9nes somos - La Robla Green\",\"isPartOf\":{\"@id\":\"https:\\\/\\\/laroblagreen.com\\\/#website\"},\"primaryImageOfPage\":{\"@id\":\"https:\\\/\\\/laroblagreen.com\\\/quienes-somos\\\/#primaryimage\"},\"image\":{\"@id\":\"https:\\\/\\\/laroblagreen.com\\\/quienes-somos\\\/#primaryimage\"},\"thumbnailUrl\":\"https:\\\/\\\/laroblagreen.com\\\/wp-content\\\/uploads\\\/2025\\\/12\\\/Solucion-La-Robla-scaled-1-1024x678.jpg\",\"datePublished\":\"2023-08-30T17:13:15+00:00\",\"dateModified\":\"2025-12-03T10:29:24+00:00\",\"description\":\"La Robla Green es una iniciativa de tres compa\u00f1\u00edas: Reolum, Tresca Ingenier\u00eda e Incus Capital, que han puesto en com\u00fan su experiencia en proyectos de energ\u00edas renovables.\",\"breadcrumb\":{\"@id\":\"https:\\\/\\\/laroblagreen.com\\\/quienes-somos\\\/#breadcrumb\"},\"inLanguage\":\"en-US\",\"potentialAction\":[{\"@type\":\"ReadAction\",\"target\":[\"https:\\\/\\\/laroblagreen.com\\\/quienes-somos\\\/\"]}]},{\"@type\":\"ImageObject\",\"inLanguage\":\"en-US\",\"@id\":\"https:\\\/\\\/laroblagreen.com\\\/quienes-somos\\\/#primaryimage\",\"url\":\"https:\\\/\\\/laroblagreen.com\\\/wp-content\\\/uploads\\\/2025\\\/12\\\/Solucion-La-Robla-scaled-1-1024x678.jpg\",\"contentUrl\":\"https:\\\/\\\/laroblagreen.com\\\/wp-content\\\/uploads\\\/2025\\\/12\\\/Solucion-La-Robla-scaled-1-1024x678.jpg\"},{\"@type\":\"BreadcrumbList\",\"@id\":\"https:\\\/\\\/laroblagreen.com\\\/quienes-somos\\\/#breadcrumb\",\"itemListElement\":[{\"@type\":\"ListItem\",\"position\":1,\"name\":\"Portada\",\"item\":\"https:\\\/\\\/laroblagreen.com\\\/\"},{\"@type\":\"ListItem\",\"position\":2,\"name\":\"Qui\u00e9nes somos\"}]},{\"@type\":\"WebSite\",\"@id\":\"https:\\\/\\\/laroblagreen.com\\\/#website\",\"url\":\"https:\\\/\\\/laroblagreen.com\\\/\",\"name\":\"La Robla Green\",\"description\":\"\",\"publisher\":{\"@id\":\"https:\\\/\\\/laroblagreen.com\\\/#organization\"},\"potentialAction\":[{\"@type\":\"SearchAction\",\"target\":{\"@type\":\"EntryPoint\",\"urlTemplate\":\"https:\\\/\\\/laroblagreen.com\\\/?s={search_term_string}\"},\"query-input\":{\"@type\":\"PropertyValueSpecification\",\"valueRequired\":true,\"valueName\":\"search_term_string\"}}],\"inLanguage\":\"en-US\"},{\"@type\":\"Organization\",\"@id\":\"https:\\\/\\\/laroblagreen.com\\\/#organization\",\"name\":\"La Robla Green\",\"url\":\"https:\\\/\\\/laroblagreen.com\\\/\",\"logo\":{\"@type\":\"ImageObject\",\"inLanguage\":\"en-US\",\"@id\":\"https:\\\/\\\/laroblagreen.com\\\/#\\\/schema\\\/logo\\\/image\\\/\",\"url\":\"https:\\\/\\\/laroblagreen.com\\\/wp-content\\\/uploads\\\/2025\\\/11\\\/La-Robla-01-scaled.png\",\"contentUrl\":\"https:\\\/\\\/laroblagreen.com\\\/wp-content\\\/uploads\\\/2025\\\/11\\\/La-Robla-01-scaled.png\",\"width\":2560,\"height\":897,\"caption\":\"La Robla Green\"},\"image\":{\"@id\":\"https:\\\/\\\/laroblagreen.com\\\/#\\\/schema\\\/logo\\\/image\\\/\"}}]}<\/script>\n<!-- \/ Yoast SEO plugin. -->","yoast_head_json":{"title":"Qui\u00e9nes somos - La Robla Green","description":"La Robla Green es una iniciativa de tres compa\u00f1\u00edas: Reolum, Tresca Ingenier\u00eda e Incus Capital, que han puesto en com\u00fan su experiencia en proyectos de energ\u00edas renovables.","robots":{"index":"index","follow":"follow","max-snippet":"max-snippet:-1","max-image-preview":"max-image-preview:large","max-video-preview":"max-video-preview:-1"},"canonical":"https:\/\/laroblagreen.com\/en\/quienes-somos\/","og_locale":"en_US","og_type":"article","og_title":"Qui\u00e9nes somos - La Robla Green","og_description":"La Robla Green es una iniciativa de tres compa\u00f1\u00edas: Reolum, Tresca Ingenier\u00eda e Incus Capital, que han puesto en com\u00fan su experiencia en proyectos de energ\u00edas renovables.","og_url":"https:\/\/laroblagreen.com\/en\/quienes-somos\/","og_site_name":"La Robla Green","article_modified_time":"2025-12-03T10:29:24+00:00","og_image":[{"width":2560,"height":1696,"url":"https:\/\/laroblagreen.com\/wp-content\/uploads\/2025\/12\/Solucion-La-Robla-scaled-1.jpg","type":"image\/jpeg"}],"twitter_card":"summary_large_image","twitter_misc":{"Est. reading time":"1 minute"},"schema":{"@context":"https:\/\/schema.org","@graph":[{"@type":"WebPage","@id":"https:\/\/laroblagreen.com\/quienes-somos\/","url":"https:\/\/laroblagreen.com\/quienes-somos\/","name":"Qui\u00e9nes somos - La Robla Green","isPartOf":{"@id":"https:\/\/laroblagreen.com\/#website"},"primaryImageOfPage":{"@id":"https:\/\/laroblagreen.com\/quienes-somos\/#primaryimage"},"image":{"@id":"https:\/\/laroblagreen.com\/quienes-somos\/#primaryimage"},"thumbnailUrl":"https:\/\/laroblagreen.com\/wp-content\/uploads\/2025\/12\/Solucion-La-Robla-scaled-1-1024x678.jpg","datePublished":"2023-08-30T17:13:15+00:00","dateModified":"2025-12-03T10:29:24+00:00","description":"La Robla Green es una iniciativa de tres compa\u00f1\u00edas: Reolum, Tresca Ingenier\u00eda e Incus Capital, que han puesto en com\u00fan su experiencia en proyectos de energ\u00edas renovables.","breadcrumb":{"@id":"https:\/\/laroblagreen.com\/quienes-somos\/#breadcrumb"},"inLanguage":"en-US","potentialAction":[{"@type":"ReadAction","target":["https:\/\/laroblagreen.com\/quienes-somos\/"]}]},{"@type":"ImageObject","inLanguage":"en-US","@id":"https:\/\/laroblagreen.com\/quienes-somos\/#primaryimage","url":"https:\/\/laroblagreen.com\/wp-content\/uploads\/2025\/12\/Solucion-La-Robla-scaled-1-1024x678.jpg","contentUrl":"https:\/\/laroblagreen.com\/wp-content\/uploads\/2025\/12\/Solucion-La-Robla-scaled-1-1024x678.jpg"},{"@type":"BreadcrumbList","@id":"https:\/\/laroblagreen.com\/quienes-somos\/#breadcrumb","itemListElement":[{"@type":"ListItem","position":1,"name":"Portada","item":"https:\/\/laroblagreen.com\/"},{"@type":"ListItem","position":2,"name":"Qui\u00e9nes somos"}]},{"@type":"WebSite","@id":"https:\/\/laroblagreen.com\/#website","url":"https:\/\/laroblagreen.com\/","name":"The Green Oak","description":"","publisher":{"@id":"https:\/\/laroblagreen.com\/#organization"},"potentialAction":[{"@type":"SearchAction","target":{"@type":"EntryPoint","urlTemplate":"https:\/\/laroblagreen.com\/?s={search_term_string}"},"query-input":{"@type":"PropertyValueSpecification","valueRequired":true,"valueName":"search_term_string"}}],"inLanguage":"en-US"},{"@type":"Organization","@id":"https:\/\/laroblagreen.com\/#organization","name":"The Green Oak","url":"https:\/\/laroblagreen.com\/","logo":{"@type":"ImageObject","inLanguage":"en-US","@id":"https:\/\/laroblagreen.com\/#\/schema\/logo\/image\/","url":"https:\/\/laroblagreen.com\/wp-content\/uploads\/2025\/11\/La-Robla-01-scaled.png","contentUrl":"https:\/\/laroblagreen.com\/wp-content\/uploads\/2025\/11\/La-Robla-01-scaled.png","width":2560,"height":897,"caption":"La Robla Green"},"image":{"@id":"https:\/\/laroblagreen.com\/#\/schema\/logo\/image\/"}}]}},"_links":{"self":[{"href":"https:\/\/laroblagreen.com\/en\/wp-json\/wp\/v2\/pages\/2","targetHints":{"allow":["GET"]}}],"collection":[{"href":"https:\/\/laroblagreen.com\/en\/wp-json\/wp\/v2\/pages"}],"about":[{"href":"https:\/\/laroblagreen.com\/en\/wp-json\/wp\/v2\/types\/page"}],"author":[{"embeddable":true,"href":"https:\/\/laroblagreen.com\/en\/wp-json\/wp\/v2\/users\/4"}],"replies":[{"embeddable":true,"href":"https:\/\/laroblagreen.com\/en\/wp-json\/wp\/v2\/comments?post=2"}],"version-history":[{"count":10,"href":"https:\/\/laroblagreen.com\/en\/wp-json\/wp\/v2\/pages\/2\/revisions"}],"predecessor-version":[{"id":1297,"href":"https:\/\/laroblagreen.com\/en\/wp-json\/wp\/v2\/pages\/2\/revisions\/1297"}],"wp:attachment":[{"href":"https:\/\/laroblagreen.com\/en\/wp-json\/wp\/v2\/media?parent=2"}],"curies":[{"name":"wp","href":"https:\/\/api.w.org\/{rel}","templated":true}]}}