{"id":199,"date":"2023-08-31T11:47:35","date_gmt":"2023-08-31T11:47:35","guid":{"rendered":"http:\/\/laroblagreen.com\/?page_id=199"},"modified":"2026-04-08T13:38:35","modified_gmt":"2026-04-08T13:38:35","slug":"contacto","status":"publish","type":"page","link":"https:\/\/laroblagreen.com\/en\/contacto\/","title":{"rendered":"Contact"},"content":{"rendered":"<div data-elementor-type=\"wp-page\" data-elementor-id=\"199\" class=\"elementor elementor-199\" data-elementor-post-type=\"page\">\n\t\t\t\t<div class=\"elementor-element elementor-element-0e57ad4 e-flex e-con-boxed e-con e-parent\" data-id=\"0e57ad4\" data-element_type=\"container\" data-e-type=\"container\" data-settings=\"{&quot;background_background&quot;:&quot;classic&quot;}\">\n\t\t\t\t\t<div class=\"e-con-inner\">\n\t\t<div class=\"elementor-element elementor-element-04e7388 e-con-full e-flex e-con e-child\" data-id=\"04e7388\" data-element_type=\"container\" data-e-type=\"container\" data-settings=\"{&quot;background_background&quot;:&quot;classic&quot;}\">\n\t\t<div class=\"elementor-element elementor-element-1100443 e-con-full e-grid e-con e-child\" data-id=\"1100443\" data-element_type=\"container\" data-e-type=\"container\">\n\t\t\t\t<div class=\"elementor-element elementor-element-25850e6 elementor-widget elementor-widget-button\" data-id=\"25850e6\" data-element_type=\"widget\" data-e-type=\"widget\" data-widget_type=\"button.default\">\n\t\t\t\t\t\t\t\t\t\t<a class=\"elementor-button elementor-button-link elementor-size-sm\" href=\"#\">\n\t\t\t\t\t\t<span class=\"elementor-button-content-wrapper\">\n\t\t\t\t\t\t<span class=\"elementor-button-icon\">\n\t\t\t\t<svg aria-hidden=\"true\" class=\"e-font-icon-svg e-fas-plus\" viewbox=\"0 0 448 512\" xmlns=\"http:\/\/www.w3.org\/2000\/svg\"><path d=\"M416 208H272V64c0-17.67-14.33-32-32-32h-32c-17.67 0-32 14.33-32 32v144H32c-17.67 0-32 14.33-32 32v32c0 17.67 14.33 32 32 32h144v144c0 17.67 14.33 32 32 32h32c17.67 0 32-14.33 32-32V304h144c17.67 0 32-14.33 32-32v-32c0-17.67-14.33-32-32-32z\"><\/path><\/svg>\t\t\t<\/span>\n\t\t\t\t\t\t\t\t\t<span class=\"elementor-button-text\">Contact<\/span>\n\t\t\t\t\t<\/span>\n\t\t\t\t\t<\/a>\n\t\t\t\t\t\t\t\t<\/div>\n\t\t<div class=\"elementor-element elementor-element-10919a4 e-con-full e-flex e-con e-child\" data-id=\"10919a4\" data-element_type=\"container\" data-e-type=\"container\">\n\t\t\t\t<div class=\"elementor-element elementor-element-2afea63 elementor-widget elementor-widget-heading\" data-id=\"2afea63\" data-element_type=\"widget\" data-e-type=\"widget\" data-widget_type=\"heading.default\">\n\t\t\t\t\t<h2 class=\"elementor-heading-title elementor-size-default\">Get in <br>Contact<\/h2>\t\t\t\t<\/div>\n\t\t\t\t<\/div>\n\t\t\t\t<\/div>\n\t\t\t\t<\/div>\n\t\t<div class=\"elementor-element elementor-element-c02dc5f e-grid e-con-full e-con e-child\" data-id=\"c02dc5f\" data-element_type=\"container\" data-e-type=\"container\" data-settings=\"{&quot;background_background&quot;:&quot;classic&quot;}\">\n\t\t<div class=\"elementor-element elementor-element-b54106b e-con-full e-flex e-con e-child\" data-id=\"b54106b\" data-element_type=\"container\" data-e-type=\"container\" data-settings=\"{&quot;background_background&quot;:&quot;classic&quot;}\">\n\t\t\t\t<\/div>\n\t\t<div class=\"elementor-element elementor-element-aea159b e-con-full e-flex e-con e-child\" data-id=\"aea159b\" data-element_type=\"container\" data-e-type=\"container\">\n\t\t<div class=\"elementor-element elementor-element-abbcfd6 e-con-full e-flex e-con e-child\" data-id=\"abbcfd6\" data-element_type=\"container\" data-e-type=\"container\">\n\t\t\t\t<div class=\"elementor-element elementor-element-6312aac elementor-widget-divider--view-line elementor-widget elementor-widget-divider\" data-id=\"6312aac\" data-element_type=\"widget\" data-e-type=\"widget\" data-widget_type=\"divider.default\">\n\t\t\t\t\t\t\t<div class=\"elementor-divider\">\n\t\t\t<span class=\"elementor-divider-separator\">\n\t\t\t\t\t\t<\/span>\n\t\t<\/div>\n\t\t\t\t\t\t<\/div>\n\t\t\t\t<div class=\"elementor-element elementor-element-7cd2fd6 elementor-widget elementor-widget-heading\" data-id=\"7cd2fd6\" data-element_type=\"widget\" data-e-type=\"widget\" data-widget_type=\"heading.default\">\n\t\t\t\t\t<p class=\"elementor-heading-title elementor-size-default\">Talk to us<\/p>\t\t\t\t<\/div>\n\t\t\t\t<div class=\"elementor-element elementor-element-8113533 elementor-widget__width-initial elementor-widget elementor-widget-text-editor\" data-id=\"8113533\" data-element_type=\"widget\" data-e-type=\"widget\" data-widget_type=\"text-editor.default\">\n\t\t\t\t\t\t\t\t\tIf you want to start a project, or find out more about any of the services we offer, leave us a message and we&#039;ll get in touch with you shortly.\t\t\t\t\t\t\t\t<\/div>\n\t\t\t\t<\/div>\n\t\t<div class=\"elementor-element elementor-element-cc6dda6 e-con-full e-flex e-con e-child\" data-id=\"cc6dda6\" data-element_type=\"container\" data-e-type=\"container\">\n\t\t<div class=\"elementor-element elementor-element-9c38e1a e-con-full e-grid e-con e-child\" data-id=\"9c38e1a\" data-element_type=\"container\" data-e-type=\"container\">\n\t\t\t\t<div class=\"elementor-element elementor-element-6574386 elementor-widget elementor-widget-heading\" data-id=\"6574386\" data-element_type=\"widget\" data-e-type=\"widget\" data-widget_type=\"heading.default\">\n\t\t\t\t\t<p class=\"elementor-heading-title elementor-size-default\">Location<\/p>\t\t\t\t<\/div>\n\t\t\t\t<div class=\"elementor-element elementor-element-d7305a5 elementor-widget elementor-widget-text-editor\" data-id=\"d7305a5\" data-element_type=\"widget\" data-e-type=\"widget\" data-widget_type=\"text-editor.default\">\n\t\t\t\t\t\t\t\t\t<p>Alberto Aguilera Street, 7<br \/>4th Floor, Right Door.<br \/>28015 Madrid \u2013 Spain<\/p>\t\t\t\t\t\t\t\t<\/div>\n\t\t\t\t<\/div>\n\t\t<div class=\"elementor-element elementor-element-ecefacb e-con-full e-grid e-con e-child\" data-id=\"ecefacb\" data-element_type=\"container\" data-e-type=\"container\">\n\t\t\t\t<div class=\"elementor-element elementor-element-9d2c3b4 elementor-widget elementor-widget-heading\" data-id=\"9d2c3b4\" data-element_type=\"widget\" data-e-type=\"widget\" data-widget_type=\"heading.default\">\n\t\t\t\t\t<p class=\"elementor-heading-title elementor-size-default\">E-mail<\/p>\t\t\t\t<\/div>\n\t\t\t\t<div class=\"elementor-element elementor-element-69d5a23 elementor-widget elementor-widget-text-editor\" data-id=\"69d5a23\" data-element_type=\"widget\" data-e-type=\"widget\" data-widget_type=\"text-editor.default\">\n\t\t\t\t\t\t\t\t\t<p><a href=\"mailto:admon@reolum.com\">admon@reolum.com<\/a><\/p>\t\t\t\t\t\t\t\t<\/div>\n\t\t\t\t<\/div>\n\t\t<div class=\"elementor-element elementor-element-8cf4ccf e-con-full e-grid e-con e-child\" data-id=\"8cf4ccf\" data-element_type=\"container\" data-e-type=\"container\">\n\t\t\t\t<div class=\"elementor-element elementor-element-15e17be elementor-widget elementor-widget-heading\" data-id=\"15e17be\" data-element_type=\"widget\" data-e-type=\"widget\" data-widget_type=\"heading.default\">\n\t\t\t\t\t<p class=\"elementor-heading-title elementor-size-default\">Phone<\/p>\t\t\t\t<\/div>\n\t\t\t\t<div class=\"elementor-element elementor-element-174a3b1 elementor-widget elementor-widget-text-editor\" data-id=\"174a3b1\" data-element_type=\"widget\" data-e-type=\"widget\" data-widget_type=\"text-editor.default\">\n\t\t\t\t\t\t\t\t\t<p><a href=\"tel:+34910075373\">(+34) 91 007 53 73<\/a><\/p>\t\t\t\t\t\t\t\t<\/div>\n\t\t\t\t<\/div>\n\t\t\t\t<\/div>\n\t\t\t\t<div class=\"elementor-element elementor-element-44364a8 elementor-widget-divider--view-line elementor-widget elementor-widget-divider\" data-id=\"44364a8\" data-element_type=\"widget\" data-e-type=\"widget\" data-widget_type=\"divider.default\">\n\t\t\t\t\t\t\t<div class=\"elementor-divider\">\n\t\t\t<span class=\"elementor-divider-separator\">\n\t\t\t\t\t\t<\/span>\n\t\t<\/div>\n\t\t\t\t\t\t<\/div>\n\t\t\t\t<\/div>\n\t\t\t\t<\/div>\n\t\t\t\t\t<\/div>\n\t\t\t\t<\/div>\n\t\t\t\t<\/div>","protected":false},"excerpt":{"rendered":"<p>Contacto Ponte en Contacto Habla con nosotros Si quieres iniciar un proyecto, o ampliar informaci\u00f3n sobre alguno de los servicios que ofrecemos, d\u00e9janos tu mensaje y en breve nos pondremos en contacto contigo Ubicaci\u00f3n Calle Alberto Aguilera, 7Planta 4\u00aa Pta. Dcha.28015 Madrid &#8211; Espa\u00f1a Email admon@reolum.com Tel\u00e9fono (+34) 91 007 53 73<\/p>","protected":false},"author":4,"featured_media":0,"parent":0,"menu_order":6,"comment_status":"closed","ping_status":"closed","template":"","meta":{"_acf_changed":false,"footnotes":""},"class_list":["post-199","page","type-page","status-publish","hentry"],"acf":[],"yoast_head":"<!-- This site is optimized with the Yoast SEO plugin v27.4 - https:\/\/yoast.com\/product\/yoast-seo-wordpress\/ -->\n<title>Contacto - La Robla Green<\/title>\n<meta name=\"robots\" content=\"index, follow, max-snippet:-1, max-image-preview:large, max-video-preview:-1\" \/>\n<link rel=\"canonical\" href=\"https:\/\/laroblagreen.com\/en\/contacto\/\" \/>\n<meta property=\"og:locale\" content=\"en_US\" \/>\n<meta property=\"og:type\" content=\"article\" \/>\n<meta property=\"og:title\" content=\"Contacto - La Robla Green\" \/>\n<meta property=\"og:description\" content=\"Contacto Ponte en Contacto Habla con nosotros Si quieres iniciar un proyecto, o ampliar informaci\u00f3n sobre alguno de los servicios que ofrecemos, d\u00e9janos tu mensaje y en breve nos pondremos en contacto contigo Ubicaci\u00f3n Calle Alberto Aguilera, 7Planta 4\u00aa Pta. Dcha.28015 Madrid &#8211; Espa\u00f1a Email admon@reolum.com Tel\u00e9fono (+34) 91 007 53 73\" \/>\n<meta property=\"og:url\" content=\"https:\/\/laroblagreen.com\/en\/contacto\/\" \/>\n<meta property=\"og:site_name\" content=\"La Robla Green\" \/>\n<meta property=\"article:modified_time\" content=\"2026-04-08T13:38:35+00:00\" \/>\n<meta name=\"twitter:card\" content=\"summary_large_image\" \/>\n<meta name=\"twitter:label1\" content=\"Est. reading time\" \/>\n\t<meta name=\"twitter:data1\" content=\"1 minute\" \/>\n<script type=\"application\/ld+json\" class=\"yoast-schema-graph\">{\"@context\":\"https:\\\/\\\/schema.org\",\"@graph\":[{\"@type\":\"WebPage\",\"@id\":\"https:\\\/\\\/laroblagreen.com\\\/contacto\\\/\",\"url\":\"https:\\\/\\\/laroblagreen.com\\\/contacto\\\/\",\"name\":\"Contacto - La Robla Green\",\"isPartOf\":{\"@id\":\"https:\\\/\\\/laroblagreen.com\\\/#website\"},\"datePublished\":\"2023-08-31T11:47:35+00:00\",\"dateModified\":\"2026-04-08T13:38:35+00:00\",\"breadcrumb\":{\"@id\":\"https:\\\/\\\/laroblagreen.com\\\/contacto\\\/#breadcrumb\"},\"inLanguage\":\"en-US\",\"potentialAction\":[{\"@type\":\"ReadAction\",\"target\":[\"https:\\\/\\\/laroblagreen.com\\\/contacto\\\/\"]}]},{\"@type\":\"BreadcrumbList\",\"@id\":\"https:\\\/\\\/laroblagreen.com\\\/contacto\\\/#breadcrumb\",\"itemListElement\":[{\"@type\":\"ListItem\",\"position\":1,\"name\":\"Portada\",\"item\":\"https:\\\/\\\/laroblagreen.com\\\/\"},{\"@type\":\"ListItem\",\"position\":2,\"name\":\"Contacto\"}]},{\"@type\":\"WebSite\",\"@id\":\"https:\\\/\\\/laroblagreen.com\\\/#website\",\"url\":\"https:\\\/\\\/laroblagreen.com\\\/\",\"name\":\"La Robla Green\",\"description\":\"\",\"publisher\":{\"@id\":\"https:\\\/\\\/laroblagreen.com\\\/#organization\"},\"potentialAction\":[{\"@type\":\"SearchAction\",\"target\":{\"@type\":\"EntryPoint\",\"urlTemplate\":\"https:\\\/\\\/laroblagreen.com\\\/?s={search_term_string}\"},\"query-input\":{\"@type\":\"PropertyValueSpecification\",\"valueRequired\":true,\"valueName\":\"search_term_string\"}}],\"inLanguage\":\"en-US\"},{\"@type\":\"Organization\",\"@id\":\"https:\\\/\\\/laroblagreen.com\\\/#organization\",\"name\":\"La Robla Green\",\"url\":\"https:\\\/\\\/laroblagreen.com\\\/\",\"logo\":{\"@type\":\"ImageObject\",\"inLanguage\":\"en-US\",\"@id\":\"https:\\\/\\\/laroblagreen.com\\\/#\\\/schema\\\/logo\\\/image\\\/\",\"url\":\"https:\\\/\\\/laroblagreen.com\\\/wp-content\\\/uploads\\\/2025\\\/11\\\/La-Robla-01-scaled.png\",\"contentUrl\":\"https:\\\/\\\/laroblagreen.com\\\/wp-content\\\/uploads\\\/2025\\\/11\\\/La-Robla-01-scaled.png\",\"width\":2560,\"height\":897,\"caption\":\"La Robla Green\"},\"image\":{\"@id\":\"https:\\\/\\\/laroblagreen.com\\\/#\\\/schema\\\/logo\\\/image\\\/\"}}]}<\/script>\n<!-- \/ Yoast SEO plugin. -->","yoast_head_json":{"title":"Contact - La Robla Green","robots":{"index":"index","follow":"follow","max-snippet":"max-snippet:-1","max-image-preview":"max-image-preview:large","max-video-preview":"max-video-preview:-1"},"canonical":"https:\/\/laroblagreen.com\/en\/contacto\/","og_locale":"en_US","og_type":"article","og_title":"Contacto - La Robla Green","og_description":"Contacto Ponte en Contacto Habla con nosotros Si quieres iniciar un proyecto, o ampliar informaci\u00f3n sobre alguno de los servicios que ofrecemos, d\u00e9janos tu mensaje y en breve nos pondremos en contacto contigo Ubicaci\u00f3n Calle Alberto Aguilera, 7Planta 4\u00aa Pta. Dcha.28015 Madrid &#8211; Espa\u00f1a Email admon@reolum.com Tel\u00e9fono (+34) 91 007 53 73","og_url":"https:\/\/laroblagreen.com\/en\/contacto\/","og_site_name":"La Robla Green","article_modified_time":"2026-04-08T13:38:35+00:00","twitter_card":"summary_large_image","twitter_misc":{"Est. reading time":"1 minute"},"schema":{"@context":"https:\/\/schema.org","@graph":[{"@type":"WebPage","@id":"https:\/\/laroblagreen.com\/contacto\/","url":"https:\/\/laroblagreen.com\/contacto\/","name":"Contact - La Robla Green","isPartOf":{"@id":"https:\/\/laroblagreen.com\/#website"},"datePublished":"2023-08-31T11:47:35+00:00","dateModified":"2026-04-08T13:38:35+00:00","breadcrumb":{"@id":"https:\/\/laroblagreen.com\/contacto\/#breadcrumb"},"inLanguage":"en-US","potentialAction":[{"@type":"ReadAction","target":["https:\/\/laroblagreen.com\/contacto\/"]}]},{"@type":"BreadcrumbList","@id":"https:\/\/laroblagreen.com\/contacto\/#breadcrumb","itemListElement":[{"@type":"ListItem","position":1,"name":"Portada","item":"https:\/\/laroblagreen.com\/"},{"@type":"ListItem","position":2,"name":"Contacto"}]},{"@type":"WebSite","@id":"https:\/\/laroblagreen.com\/#website","url":"https:\/\/laroblagreen.com\/","name":"The Green Oak","description":"","publisher":{"@id":"https:\/\/laroblagreen.com\/#organization"},"potentialAction":[{"@type":"SearchAction","target":{"@type":"EntryPoint","urlTemplate":"https:\/\/laroblagreen.com\/?s={search_term_string}"},"query-input":{"@type":"PropertyValueSpecification","valueRequired":true,"valueName":"search_term_string"}}],"inLanguage":"en-US"},{"@type":"Organization","@id":"https:\/\/laroblagreen.com\/#organization","name":"The Green Oak","url":"https:\/\/laroblagreen.com\/","logo":{"@type":"ImageObject","inLanguage":"en-US","@id":"https:\/\/laroblagreen.com\/#\/schema\/logo\/image\/","url":"https:\/\/laroblagreen.com\/wp-content\/uploads\/2025\/11\/La-Robla-01-scaled.png","contentUrl":"https:\/\/laroblagreen.com\/wp-content\/uploads\/2025\/11\/La-Robla-01-scaled.png","width":2560,"height":897,"caption":"La Robla Green"},"image":{"@id":"https:\/\/laroblagreen.com\/#\/schema\/logo\/image\/"}}]}},"_links":{"self":[{"href":"https:\/\/laroblagreen.com\/en\/wp-json\/wp\/v2\/pages\/199","targetHints":{"allow":["GET"]}}],"collection":[{"href":"https:\/\/laroblagreen.com\/en\/wp-json\/wp\/v2\/pages"}],"about":[{"href":"https:\/\/laroblagreen.com\/en\/wp-json\/wp\/v2\/types\/page"}],"author":[{"embeddable":true,"href":"https:\/\/laroblagreen.com\/en\/wp-json\/wp\/v2\/users\/4"}],"replies":[{"embeddable":true,"href":"https:\/\/laroblagreen.com\/en\/wp-json\/wp\/v2\/comments?post=199"}],"version-history":[{"count":10,"href":"https:\/\/laroblagreen.com\/en\/wp-json\/wp\/v2\/pages\/199\/revisions"}],"predecessor-version":[{"id":1491,"href":"https:\/\/laroblagreen.com\/en\/wp-json\/wp\/v2\/pages\/199\/revisions\/1491"}],"wp:attachment":[{"href":"https:\/\/laroblagreen.com\/en\/wp-json\/wp\/v2\/media?parent=199"}],"curies":[{"name":"wp","href":"https:\/\/api.w.org\/{rel}","templated":true}]}}